{"id":8,"date":"2025-07-29T06:53:40","date_gmt":"2025-07-29T06:53:40","guid":{"rendered":"https:\/\/teresapsicologainfantilyadulto.es\/?page_id=8"},"modified":"2025-07-29T09:13:47","modified_gmt":"2025-07-29T09:13:47","slug":"inicio","status":"publish","type":"page","link":"https:\/\/teresapsicologainfantilyadulto.es\/","title":{"rendered":"Inicio"},"content":{"rendered":"<p>[et_pb_section fb_built=\u00bb1&#8243; _builder_version=\u00bb4.27.4&#8243; _module_preset=\u00bbdefault\u00bb background_color=\u00bbrgba(0,0,0,0.3)\u00bb background_image=\u00bbhttps:\/\/teresapsicologainfantilyadulto.es\/wp-content\/uploads\/2025\/07\/butterfly-1611794_1920.jpg\u00bb background_blend=\u00bbmultiply\u00bb custom_margin=\u00bb||||false|false\u00bb custom_padding=\u00bb100px||100px||true|false\u00bb global_colors_info=\u00bb{}\u00bb][et_pb_row _builder_version=\u00bb4.27.4&#8243; _module_preset=\u00bbdefault\u00bb global_colors_info=\u00bb{}\u00bb][et_pb_column type=\u00bb4_4&#8243; _builder_version=\u00bb4.27.4&#8243; _module_preset=\u00bbdefault\u00bb global_colors_info=\u00bb{}\u00bb][et_pb_text _builder_version=\u00bb4.27.4&#8243; _module_preset=\u00bbdefault\u00bb text_text_color=\u00bb#FFFFFF\u00bb text_font_size=\u00bb28px\u00bb text_line_height=\u00bb1.6em\u00bb header_font=\u00bb|700|||||||\u00bb header_text_color=\u00bb#FFFFFF\u00bb header_font_size=\u00bb40px\u00bb global_colors_info=\u00bb{}\u00bb]<\/p>\n<h1>Teresa Morales Aguilar<\/h1>\n<p>Psic\u00f3loga<\/p>\n<p>[\/et_pb_text][\/et_pb_column][\/et_pb_row][\/et_pb_section][et_pb_section fb_built=\u00bb1&#8243; _builder_version=\u00bb4.27.4&#8243; _module_preset=\u00bbdefault\u00bb global_colors_info=\u00bb{}\u00bb][et_pb_row _builder_version=\u00bb4.27.4&#8243; _module_preset=\u00bbdefault\u00bb global_colors_info=\u00bb{}\u00bb][et_pb_column type=\u00bb4_4&#8243; _builder_version=\u00bb4.27.4&#8243; _module_preset=\u00bbdefault\u00bb global_colors_info=\u00bb{}\u00bb][et_pb_text _builder_version=\u00bb4.27.4&#8243; _module_preset=\u00bbdefault\u00bb text_text_color=\u00bb#000000&#8243; text_font_size=\u00bb17px\u00bb header_font_size=\u00bb33px\u00bb header_2_font=\u00bb|700|||||||\u00bb header_2_text_color=\u00bb#000000&#8243; header_2_font_size=\u00bb30px\u00bb header_2_line_height=\u00bb1.7em\u00bb global_colors_info=\u00bb{}\u00bb]<\/p>\n<h2 style=\"text-align: center;\">SERVICIOS<\/h2>\n<p style=\"text-align: center;\">Trato cercano, humano, profesionalidad, experiencia y disponibilidad, ofreciendo un servicio integral de tratamiento y orientaci\u00f3n en todos los contextos y \u00e1reas de desarrollo: ni\u00f1os, adolescentes, adultos y mayores.<\/p>\n<p>[\/et_pb_text][\/et_pb_column][\/et_pb_row][et_pb_row column_structure=\u00bb1_4,1_4,1_4,1_4&#8243; _builder_version=\u00bb4.27.4&#8243; _module_preset=\u00bbdefault\u00bb global_colors_info=\u00bb{}\u00bb][et_pb_column type=\u00bb1_4&#8243; _builder_version=\u00bb4.27.4&#8243; _module_preset=\u00bbdefault\u00bb global_colors_info=\u00bb{}\u00bb][et_pb_image src=\u00bbhttps:\/\/teresapsicologainfantilyadulto.es\/wp-content\/uploads\/2025\/07\/girl-996635_640.jpg\u00bb title_text=\u00bbgirl-996635_640&#8243; _builder_version=\u00bb4.27.4&#8243; _module_preset=\u00bbdefault\u00bb border_radii=\u00bbon|10px|10px|10px|10px\u00bb global_colors_info=\u00bb{}\u00bb][\/et_pb_image][et_pb_text _builder_version=\u00bb4.27.4&#8243; _module_preset=\u00bbdefault\u00bb text_font_size=\u00bb18px\u00bb custom_margin=\u00bb-10px||||false|false\u00bb global_colors_info=\u00bb{}\u00bb]<\/p>\n<p style=\"text-align: center;\"><span style=\"color: #000000;\"><strong>INFANTIL<\/strong><\/span><\/p>\n<p>[\/et_pb_text][\/et_pb_column][et_pb_column type=\u00bb1_4&#8243; _builder_version=\u00bb4.27.4&#8243; _module_preset=\u00bbdefault\u00bb global_colors_info=\u00bb{}\u00bb][et_pb_image src=\u00bbhttps:\/\/teresapsicologainfantilyadulto.es\/wp-content\/uploads\/2025\/07\/sky-2601156_640.jpg\u00bb title_text=\u00bbsky-2601156_640&#8243; _builder_version=\u00bb4.27.4&#8243; _module_preset=\u00bbdefault\u00bb border_radii=\u00bbon|10px|10px|10px|10px\u00bb global_colors_info=\u00bb{}\u00bb][\/et_pb_image][et_pb_text _builder_version=\u00bb4.27.4&#8243; _module_preset=\u00bbdefault\u00bb text_font_size=\u00bb18px\u00bb custom_margin=\u00bb-10px||||false|false\u00bb global_colors_info=\u00bb{}\u00bb]<\/p>\n<p style=\"text-align: center;\"><span style=\"color: #000000;\"><strong>PAREJAS<\/strong><\/span><\/p>\n<p>[\/et_pb_text][\/et_pb_column][et_pb_column type=\u00bb1_4&#8243; _builder_version=\u00bb4.27.4&#8243; _module_preset=\u00bbdefault\u00bb global_colors_info=\u00bb{}\u00bb][et_pb_image src=\u00bbhttps:\/\/teresapsicologainfantilyadulto.es\/wp-content\/uploads\/2025\/07\/man-945438_640.jpg\u00bb title_text=\u00bbman-945438_640&#8243; _builder_version=\u00bb4.27.4&#8243; _module_preset=\u00bbdefault\u00bb border_radii=\u00bbon|10px|10px|10px|10px\u00bb global_colors_info=\u00bb{}\u00bb][\/et_pb_image][et_pb_text _builder_version=\u00bb4.27.4&#8243; _module_preset=\u00bbdefault\u00bb text_font_size=\u00bb18px\u00bb custom_margin=\u00bb-10px||||false|false\u00bb global_colors_info=\u00bb{}\u00bb]<\/p>\n<p style=\"text-align: center;\"><span style=\"color: #000000;\"><strong>ADULTOS<\/strong><\/span><\/p>\n<p>[\/et_pb_text][\/et_pb_column][et_pb_column type=\u00bb1_4&#8243; _builder_version=\u00bb4.27.4&#8243; _module_preset=\u00bbdefault\u00bb global_colors_info=\u00bb{}\u00bb][et_pb_image src=\u00bbhttps:\/\/teresapsicologainfantilyadulto.es\/wp-content\/uploads\/2025\/07\/hand-3666963_640.jpg\u00bb title_text=\u00bbhand-3666963_640&#8243; _builder_version=\u00bb4.27.4&#8243; _module_preset=\u00bbdefault\u00bb border_radii=\u00bbon|10px|10px|10px|10px\u00bb global_colors_info=\u00bb{}\u00bb][\/et_pb_image][et_pb_text _builder_version=\u00bb4.27.4&#8243; _module_preset=\u00bbdefault\u00bb text_font_size=\u00bb18px\u00bb custom_margin=\u00bb-10px||||false|false\u00bb global_colors_info=\u00bb{}\u00bb]<\/p>\n<p style=\"text-align: center;\"><span style=\"color: #000000;\"><strong>TERCERA EDAD<\/strong><\/span><\/p>\n<p>[\/et_pb_text][\/et_pb_column][\/et_pb_row][\/et_pb_section][et_pb_section fb_built=\u00bb1&#8243; _builder_version=\u00bb4.27.4&#8243; _module_preset=\u00bbdefault\u00bb background_color=\u00bbrgba(0,0,0,0.2)\u00bb background_image=\u00bbhttps:\/\/teresapsicologainfantilyadulto.es\/wp-content\/uploads\/2025\/07\/notepad-3316997_1920.jpg\u00bb background_blend=\u00bbmultiply\u00bb custom_margin=\u00bb||||false|false\u00bb custom_padding=\u00bb70px||70px||true|false\u00bb global_colors_info=\u00bb{}\u00bb][et_pb_row _builder_version=\u00bb4.27.4&#8243; _module_preset=\u00bbdefault\u00bb global_colors_info=\u00bb{}\u00bb][et_pb_column type=\u00bb4_4&#8243; _builder_version=\u00bb4.27.4&#8243; _module_preset=\u00bbdefault\u00bb global_colors_info=\u00bb{}\u00bb][et_pb_text _builder_version=\u00bb4.27.4&#8243; _module_preset=\u00bbdefault\u00bb text_font=\u00bb|700|||||||\u00bb text_font_size=\u00bb35px\u00bb global_colors_info=\u00bb{}\u00bb]<\/p>\n<p><span style=\"color: #ffffff;\">Si lo prefiere,<\/span><\/p>\n<p><span style=\"color: #ffffff;\">Ofrecemos Sesiones Online<\/span><\/p>\n<p>[\/et_pb_text][\/et_pb_column][\/et_pb_row][\/et_pb_section][et_pb_section fb_built=\u00bb1&#8243; _builder_version=\u00bb4.27.4&#8243; _module_preset=\u00bbdefault\u00bb global_colors_info=\u00bb{}\u00bb][et_pb_row column_structure=\u00bb2_5,3_5&#8243; _builder_version=\u00bb4.27.4&#8243; _module_preset=\u00bbdefault\u00bb global_colors_info=\u00bb{}\u00bb][et_pb_column type=\u00bb2_5&#8243; _builder_version=\u00bb4.27.4&#8243; _module_preset=\u00bbdefault\u00bb global_colors_info=\u00bb{}\u00bb][et_pb_image src=\u00bbhttps:\/\/teresapsicologainfantilyadulto.es\/wp-content\/uploads\/2025\/07\/IMG-20160922-WA0007___serialized1.jpg\u00bb title_text=\u00bbIMG-20160922-WA0007___serialized1&#8243; _builder_version=\u00bb4.27.4&#8243; _module_preset=\u00bbdefault\u00bb global_colors_info=\u00bb{}\u00bb][\/et_pb_image][\/et_pb_column][et_pb_column type=\u00bb3_5&#8243; _builder_version=\u00bb4.27.4&#8243; _module_preset=\u00bbdefault\u00bb global_colors_info=\u00bb{}\u00bb][et_pb_text _builder_version=\u00bb4.27.4&#8243; _module_preset=\u00bbdefault\u00bb text_text_color=\u00bb#000000&#8243; text_font_size=\u00bb16px\u00bb text_letter_spacing=\u00bb1px\u00bb header_2_text_color=\u00bb#000000&#8243; header_2_font_size=\u00bb21px\u00bb header_3_text_color=\u00bb#000000&#8243; header_3_font_size=\u00bb28px\u00bb header_3_line_height=\u00bb1.5em\u00bb custom_margin=\u00bb7px||||false|false\u00bb custom_padding=\u00bb0px||0px||true|false\u00bb global_colors_info=\u00bb{}\u00bb]<\/p>\n<h2 style=\"font-size: 30px;\"><strong>PSIC\u00d3LOGA COLEGIADA A\u00d1O-6379<\/strong><\/h2>\n<p><strong>M\u00e1s de 10 a\u00f1os de experiencia.<\/strong><\/p>\n<p>T\u00e9cnico en educaci\u00f3n infantil en guarder\u00edas,<\/p>\n<p>Psic\u00f3loga en residencias de ancianos, intervenci\u00f3n psicol\u00f3gica en centros de salud.<\/p>\n<p>Formaci\u00f3n en PIR durante un a\u00f1o Profesional, cercan\u00eda, empat\u00eda, experiencia y disponibilidad.<\/p>\n<h2><strong>SECCI\u00d3N PROPIA EN RADIO CADENA SER<\/strong><\/h2>\n<h3><strong>La JANDA<\/strong><\/h3>\n<p><strong>Haga clic en el t\u00edtulo para escucharlo<\/strong><\/p>\n<ul>\n<li><span style=\"color: #000000;\"><a href=\"https:\/\/web.archive.org\/web\/20240617223221\/http:\/\/serlajanda.com\/dependencia-emocional-2\/\" style=\"color: #000000;\">Las claves para saber si tienes dependencia emocional con tu pareja<\/a><\/span><\/li>\n<li><span style=\"color: #000000;\"><a href=\"https:\/\/web.archive.org\/web\/20240618003449\/http:\/\/serlajanda.com\/dependiencia-emocional-2\/\" style=\"color: #000000;\">La dependencia emocional, un lastre en la pareja<\/a><\/span><\/li>\n<li><span style=\"color: #000000;\"><a href=\"https:\/\/web.archive.org\/web\/20240530225349\/http:\/\/serlajanda.com\/autoridad-positiva\/\" style=\"color: #000000;\">Nuestra psic\u00f3loga Teresa Morales habla de la autoridad positiva<\/a><\/span><\/li>\n<li><span style=\"color: #000000;\"><a href=\"https:\/\/web.archive.org\/web\/20240417192134\/http:\/\/serlajanda.com\/autoestima-en-adolescentes\/\" style=\"color: #000000;\">La autoestima en adolescentes y el importante papel de los padres<\/a><\/span><\/li>\n<li><span style=\"color: #000000;\"><a href=\"https:\/\/web.archive.org\/web\/20240618000612\/http:\/\/serlajanda.com\/amistad-padres-hijos\/\" style=\"color: #000000;\">La amistad entre padres e hijos. \u00bfEs posible?<\/a><\/span><\/li>\n<\/ul>\n<p>&nbsp;<\/p>\n<p>[\/et_pb_text][\/et_pb_column][\/et_pb_row][\/et_pb_section][et_pb_section fb_built=\u00bb1&#8243; _builder_version=\u00bb4.27.4&#8243; _module_preset=\u00bbdefault\u00bb custom_padding=\u00bb1px||1px||true|false\u00bb global_colors_info=\u00bb{}\u00bb][et_pb_row _builder_version=\u00bb4.27.4&#8243; _module_preset=\u00bbdefault\u00bb global_colors_info=\u00bb{}\u00bb][et_pb_column type=\u00bb4_4&#8243; _builder_version=\u00bb4.27.4&#8243; _module_preset=\u00bbdefault\u00bb global_colors_info=\u00bb{}\u00bb][et_pb_text _builder_version=\u00bb4.27.4&#8243; _module_preset=\u00bbdefault\u00bb header_2_font=\u00bb|600|||||||\u00bb custom_margin=\u00bb||||false|false\u00bb global_colors_info=\u00bb{}\u00bb custom_padding__hover_enabled=\u00bbon|desktop\u00bb]<\/p>\n<h2 style=\"text-align: center;\"><span style=\"color: #000000;\">\u00bfTienes alguna pregunta?<\/span><\/h2>\n<p>[\/et_pb_text][\/et_pb_column][\/et_pb_row][et_pb_row column_structure=\u00bb1_4,1_4,1_4,1_4&#8243; _builder_version=\u00bb4.27.4&#8243; _module_preset=\u00bbdefault\u00bb max_width=\u00bb65%\u00bb global_colors_info=\u00bb{}\u00bb][et_pb_column type=\u00bb1_4&#8243; _builder_version=\u00bb4.27.4&#8243; _module_preset=\u00bbdefault\u00bb global_colors_info=\u00bb{}\u00bb][et_pb_icon font_icon=\u00bb&#xe01d;||divi||400&#8243; icon_color=\u00bb#000000&#8243; icon_width=\u00bb35px\u00bb _builder_version=\u00bb4.27.4&#8243; _module_preset=\u00bbdefault\u00bb global_colors_info=\u00bb{}\u00bb][\/et_pb_icon][et_pb_text _builder_version=\u00bb4.27.4&#8243; _module_preset=\u00bbdefault\u00bb global_colors_info=\u00bb{}\u00bb]<\/p>\n<p style=\"text-align: center; margin-bottom: -10px;\"><span style=\"color: #000000;\"><strong>Direcci\u00f3n<\/strong><\/span><\/p>\n<p style=\"text-align: center;\"><span style=\"color: #000000;\">Calle Mendaro 1,1C, Chiclana de la Frontera 11130 Cadiz<\/span><\/p>\n<p>[\/et_pb_text][\/et_pb_column][et_pb_column type=\u00bb1_4&#8243; _builder_version=\u00bb4.27.4&#8243; _module_preset=\u00bbdefault\u00bb global_colors_info=\u00bb{}\u00bb][et_pb_icon font_icon=\u00bb&#xf0e0;||fa||400&#8243; icon_color=\u00bb#000000&#8243; icon_width=\u00bb35px\u00bb _builder_version=\u00bb4.27.4&#8243; _module_preset=\u00bbdefault\u00bb global_colors_info=\u00bb{}\u00bb][\/et_pb_icon][et_pb_text _builder_version=\u00bb4.27.4&#8243; _module_preset=\u00bbdefault\u00bb global_colors_info=\u00bb{}\u00bb]<\/p>\n<p style=\"text-align: center; margin-bottom: -10px;\"><span style=\"color: #000000;\"><strong>Correo electr\u00f3nico<\/strong><\/span><\/p>\n<p style=\"text-align: center;\"><span style=\"color: #000000;\">info@teresapsicologainfantilyadulto.es<\/span><\/p>\n<p>[\/et_pb_text][\/et_pb_column][et_pb_column type=\u00bb1_4&#8243; _builder_version=\u00bb4.27.4&#8243; _module_preset=\u00bbdefault\u00bb global_colors_info=\u00bb{}\u00bb][et_pb_icon font_icon=\u00bb&#xf232;||fa||400&#8243; icon_color=\u00bb#000000&#8243; icon_width=\u00bb35px\u00bb url=\u00bbhttps:\/\/api.whatsapp.com\/send\/?phone=34606253961&#038;text=Hola%2C+me+gustar%C3%ADa+pedir+informaci%C3%B3n.&#038;type=phone_number&#038;app_absent=0&#8243; _builder_version=\u00bb4.27.4&#8243; _module_preset=\u00bbdefault\u00bb global_colors_info=\u00bb{}\u00bb][\/et_pb_icon][et_pb_text _builder_version=\u00bb4.27.4&#8243; _module_preset=\u00bbdefault\u00bb global_colors_info=\u00bb{}\u00bb]<\/p>\n<p style=\"text-align: center;\"><a href=\"https:\/\/api.whatsapp.com\/send\/?phone=34606253961&amp;text=Hola%2C+me+gustar%C3%ADa+pedir+informaci%C3%B3n.&amp;type=phone_number&amp;app_absent=0\"><span style=\"color: #000000;\"><strong>CONTACTA POR WHATSAPP<\/strong><\/span><\/a><\/p>\n<p>[\/et_pb_text][\/et_pb_column][et_pb_column type=\u00bb1_4&#8243; _builder_version=\u00bb4.27.4&#8243; _module_preset=\u00bbdefault\u00bb global_colors_info=\u00bb{}\u00bb][et_pb_icon font_icon=\u00bb&#xe090;||divi||400&#8243; icon_color=\u00bb#000000&#8243; icon_width=\u00bb35px\u00bb _builder_version=\u00bb4.27.4&#8243; _module_preset=\u00bbdefault\u00bb global_colors_info=\u00bb{}\u00bb][\/et_pb_icon][et_pb_text _builder_version=\u00bb4.27.4&#8243; _module_preset=\u00bbdefault\u00bb global_colors_info=\u00bb{}\u00bb]<\/p>\n<p style=\"text-align: center; margin-bottom: -10px;\"><span style=\"color: #000000;\"><strong>Tel\u00e9fono<\/strong><\/span><\/p>\n<p style=\"text-align: center;\"><span style=\"color: #000000;\">+34 606 25 39 61<\/span><\/p>\n<p>[\/et_pb_text][\/et_pb_column][\/et_pb_row][\/et_pb_section]<\/p>\n","protected":false},"excerpt":{"rendered":"<p>Teresa Morales Aguilar Psic\u00f3logaSERVICIOS Trato cercano, humano, profesionalidad, experiencia y disponibilidad, ofreciendo un servicio integral de tratamiento y orientaci\u00f3n en todos los contextos y \u00e1reas de desarrollo: ni\u00f1os, adolescentes, adultos y mayores.INFANTILPAREJASADULTOSTERCERA EDADSi lo prefiere, Ofrecemos Sesiones OnlinePSIC\u00d3LOGA COLEGIADA A\u00d1O-6379 M\u00e1s de 10 a\u00f1os de experiencia. T\u00e9cnico en educaci\u00f3n infantil en guarder\u00edas, Psic\u00f3loga en residencias [&hellip;]<\/p>\n","protected":false},"author":1,"featured_media":0,"parent":0,"menu_order":0,"comment_status":"closed","ping_status":"closed","template":"","meta":{"_et_pb_use_builder":"on","_et_pb_old_content":"<!-- wp:divi\/placeholder \/-->","_et_gb_content_width":"","footnotes":""},"class_list":["post-8","page","type-page","status-publish","hentry"],"_links":{"self":[{"href":"https:\/\/teresapsicologainfantilyadulto.es\/index.php?rest_route=\/wp\/v2\/pages\/8","targetHints":{"allow":["GET"]}}],"collection":[{"href":"https:\/\/teresapsicologainfantilyadulto.es\/index.php?rest_route=\/wp\/v2\/pages"}],"about":[{"href":"https:\/\/teresapsicologainfantilyadulto.es\/index.php?rest_route=\/wp\/v2\/types\/page"}],"author":[{"embeddable":true,"href":"https:\/\/teresapsicologainfantilyadulto.es\/index.php?rest_route=\/wp\/v2\/users\/1"}],"replies":[{"embeddable":true,"href":"https:\/\/teresapsicologainfantilyadulto.es\/index.php?rest_route=%2Fwp%2Fv2%2Fcomments&post=8"}],"version-history":[{"count":22,"href":"https:\/\/teresapsicologainfantilyadulto.es\/index.php?rest_route=\/wp\/v2\/pages\/8\/revisions"}],"predecessor-version":[{"id":99,"href":"https:\/\/teresapsicologainfantilyadulto.es\/index.php?rest_route=\/wp\/v2\/pages\/8\/revisions\/99"}],"wp:attachment":[{"href":"https:\/\/teresapsicologainfantilyadulto.es\/index.php?rest_route=%2Fwp%2Fv2%2Fmedia&parent=8"}],"curies":[{"name":"wp","href":"https:\/\/api.w.org\/{rel}","templated":true}]}}